{"id":29247,"date":"2025-02-19T10:16:42","date_gmt":"2025-02-19T09:16:42","guid":{"rendered":"https:\/\/www.protect-the-planet.de\/?page_id=29247"},"modified":"2025-02-19T17:02:14","modified_gmt":"2025-02-19T16:02:14","slug":"home-2","status":"publish","type":"page","link":"https:\/\/www.protect-the-planet.de\/en\/home-2\/","title":{"rendered":"Home"},"content":{"rendered":"\t\t<div data-elementor-type=\"wp-post\" data-elementor-id=\"29247\" class=\"elementor elementor-29247 elementor-29246\" data-elementor-post-type=\"page\">\n\t\t\t\t<div class=\"elementor-element elementor-element-95d2f67 e-flex e-con-boxed e-con e-parent\" data-id=\"95d2f67\" data-element_type=\"container\" data-e-type=\"container\">\n\t\t\t\t\t<div class=\"e-con-inner\">\n\t\t<div class=\"elementor-element elementor-element-835c2d0 e-con-full e-flex e-con e-child\" data-id=\"835c2d0\" data-element_type=\"container\" data-e-type=\"container\">\n\t\t\t\t<div class=\"elementor-element elementor-element-ce104db elementor-arrows-position-inside elementor-pagination-position-inside elementor-widget elementor-widget-slides\" data-id=\"ce104db\" data-element_type=\"widget\" data-e-type=\"widget\" data-settings=\"{&quot;autoplay_speed&quot;:6000,&quot;navigation&quot;:&quot;both&quot;,&quot;autoplay&quot;:&quot;yes&quot;,&quot;pause_on_hover&quot;:&quot;yes&quot;,&quot;pause_on_interaction&quot;:&quot;yes&quot;,&quot;infinite&quot;:&quot;yes&quot;,&quot;transition&quot;:&quot;slide&quot;,&quot;transition_speed&quot;:500}\" data-widget_type=\"slides.default\">\n\t\t\t\t<div class=\"elementor-widget-container\">\n\t\t\t\t\t\t\t\t\t<div class=\"elementor-swiper\">\n\t\t\t\t\t<div class=\"elementor-slides-wrapper elementor-main-swiper swiper\" role=\"region\" aria-roledescription=\"carousel\" aria-label=\"Slider\" dir=\"ltr\" data-animation=\"\">\n\t\t\t\t<div class=\"swiper-wrapper elementor-slides\">\n\t\t\t\t\t\t\t\t\t\t<div class=\"elementor-repeater-item-b26dc32 swiper-slide\" role=\"group\" aria-roledescription=\"slide\"><div class=\"swiper-slide-bg\" role=\"img\" aria-label=\"eine Gruppe von Walen im Meer\"><\/div><div class=\"swiper-slide-inner\" ><div class=\"swiper-slide-contents\"><div class=\"elementor-slide-heading\">Let's fight<br> to protect our wonderful planet<\/div><\/div><\/div><\/div>\t\t\t\t<\/div>\n\t\t\t\t\t\t\t<\/div>\n\t\t\t\t<\/div>\n\t\t\t\t\t\t\t\t<\/div>\n\t\t\t\t<\/div>\n\t\t\t\t<\/div>\n\t\t\t\t\t<\/div>\n\t\t\t\t<\/div>\n\t\t<div class=\"elementor-element elementor-element-e3369ab e-flex e-con-boxed e-con e-parent\" data-id=\"e3369ab\" data-element_type=\"container\" data-e-type=\"container\">\n\t\t\t\t\t<div class=\"e-con-inner\">\n\t\t\t\t<div class=\"elementor-element elementor-element-fbcbedd elementor-widget elementor-widget-heading\" data-id=\"fbcbedd\" data-element_type=\"widget\" data-e-type=\"widget\" data-widget_type=\"heading.default\">\n\t\t\t\t<div class=\"elementor-widget-container\">\n\t\t\t\t\t<h1 class=\"elementor-heading-title elementor-size-default\">Protect the Planet ist Englisch\nund bedeutet:\nLasst uns den Planeten sch\u00fctzen.<\/h1>\t\t\t\t<\/div>\n\t\t\t\t<\/div>\n\t\t\t\t\t<\/div>\n\t\t\t\t<\/div>\n\t\t<div class=\"elementor-element elementor-element-4379cd9 e-flex e-con-boxed e-con e-parent\" data-id=\"4379cd9\" data-element_type=\"container\" data-e-type=\"container\">\n\t\t\t\t\t<div class=\"e-con-inner\">\n\t\t<div class=\"elementor-element elementor-element-c130481 e-flex e-con-boxed e-con e-child\" data-id=\"c130481\" data-element_type=\"container\" data-e-type=\"container\" data-settings=\"{&quot;background_background&quot;:&quot;classic&quot;}\">\n\t\t\t\t\t<div class=\"e-con-inner\">\n\t\t<div class=\"elementor-element elementor-element-88ca587 e-flex e-con-boxed e-con e-child\" data-id=\"88ca587\" data-element_type=\"container\" data-e-type=\"container\">\n\t\t\t\t\t<div class=\"e-con-inner\">\n\t\t\t\t<div class=\"elementor-element elementor-element-9577c76 elementor-widget elementor-widget-text-editor\" data-id=\"9577c76\" data-element_type=\"widget\" data-e-type=\"widget\" data-widget_type=\"text-editor.default\">\n\t\t\t\t<div class=\"elementor-widget-container\">\n\t\t\t\t\t\t\t\t\t<p>We help prevent the climate catastrophe and make our planet just and liveable.<\/p>\n\t\t\t\t\t\t\t\t<\/div>\n\t\t\t\t<\/div>\n\t\t\t\t\t<\/div>\n\t\t\t\t<\/div>\n\t\t\t\t\t<\/div>\n\t\t\t\t<\/div>\n\t\t\t\t\t<\/div>\n\t\t\t\t<\/div>\n\t\t<div class=\"elementor-element elementor-element-94ab7bb e-flex e-con-boxed e-con e-parent\" data-id=\"94ab7bb\" data-element_type=\"container\" data-e-type=\"container\">\n\t\t\t\t\t<div class=\"e-con-inner\">\n\t\t<div class=\"elementor-element elementor-element-1fb69d9 e-con-full e-flex e-con e-child\" data-id=\"1fb69d9\" data-element_type=\"container\" data-e-type=\"container\">\n\t\t\t\t<div class=\"elementor-element elementor-element-ed481a3 elementor-widget elementor-widget-text-editor\" data-id=\"ed481a3\" data-element_type=\"widget\" data-e-type=\"widget\" data-widget_type=\"text-editor.default\">\n\t\t\t\t<div class=\"elementor-widget-container\">\n\t\t\t\t\t\t\t\t\t<p>Dorothea Sick-Thies hatte die Idee f\u00fcr die Organisation. Sie hat die Organisation im Jahr 2015 gegr\u00fcndet.<\/p>\n\t\t\t\t\t\t\t\t<\/div>\n\t\t\t\t<\/div>\n\t\t\t\t<\/div>\n\t\t<div class=\"elementor-element elementor-element-5e04cc6 e-con-full e-flex e-con e-child\" data-id=\"5e04cc6\" data-element_type=\"container\" data-e-type=\"container\">\n\t\t\t\t<div class=\"elementor-element elementor-element-259e8a4 elementor-widget elementor-widget-image\" data-id=\"259e8a4\" data-element_type=\"widget\" data-e-type=\"widget\" data-widget_type=\"image.default\">\n\t\t\t\t<div class=\"elementor-widget-container\">\n\t\t\t\t\t\t\t\t\t\t\t\t\t\t\t<img fetchpriority=\"high\" decoding=\"async\" width=\"800\" height=\"489\" src=\"https:\/\/www.protect-the-planet.de\/wp-content\/uploads\/2023\/06\/Gruppe-maskieren-19@2x.png\" class=\"attachment-large size-large wp-image-21587\" alt=\"Dorothea Sick-Thies\" srcset=\"https:\/\/www.protect-the-planet.de\/wp-content\/uploads\/2023\/06\/Gruppe-maskieren-19@2x.png 896w, https:\/\/www.protect-the-planet.de\/wp-content\/uploads\/2023\/06\/Gruppe-maskieren-19@2x-300x183.png 300w, https:\/\/www.protect-the-planet.de\/wp-content\/uploads\/2023\/06\/Gruppe-maskieren-19@2x-768x470.png 768w\" sizes=\"(max-width: 800px) 100vw, 800px\" \/>\t\t\t\t\t\t\t\t\t\t\t\t\t\t\t<\/div>\n\t\t\t\t<\/div>\n\t\t\t\t<\/div>\n\t\t\t\t\t<\/div>\n\t\t\t\t<\/div>\n\t\t<div class=\"elementor-element elementor-element-e40fd55 e-flex e-con-boxed e-con e-parent\" data-id=\"e40fd55\" data-element_type=\"container\" data-e-type=\"container\">\n\t\t\t\t\t<div class=\"e-con-inner\">\n\t\t\t\t<div class=\"elementor-element elementor-element-f3b1cd4 elementor-widget elementor-widget-text-editor\" data-id=\"f3b1cd4\" data-element_type=\"widget\" data-e-type=\"widget\" data-widget_type=\"text-editor.default\">\n\t\t\t\t<div class=\"elementor-widget-container\">\n\t\t\t\t\t\t\t\t\t<p>Wir machen uns stark f\u00fcr den Klima-Schutz. Wir haben schon einige erfolgreiche Aktionen gemacht.<\/p>\n<p>Wir setzen uns jeden Tag f\u00fcr den Klima-Schutz ein. Unser Ziel ist gro\u00df: Wir wollen den Planeten Erde sch\u00fctzen.<\/p>\n<p>Die Erde soll ein guter Ort zum Leben sein. Daf\u00fcr machen wir unsere Projekte.<\/p>\n<p>Bei uns arbeiten Menschen mit verschiedenen Berufen. Zum Beispiel:<\/p>\n<p>\u00b7 eine Unternehmerin<\/p>\n<p>\u00b7 ein Filme\u00b7macher<\/p>\n<p>\u00b7 ein Rechts\u00b7anwalt<\/p>\n<p>\u00b7 ein Feuerwehr\u00b7mann<\/p>\n<p>\u00b7 eine Wissenschaftlerin f\u00fcr Geschichte<\/p>\n<p>\u00b7 ein Wissenschaftler f\u00fcr Wirtschaft<\/p>\n<p>Was haben wir alle gemeinsam? Wir lieben unseren Planeten Erde! Und wir wollen die Erde sch\u00fctzen. Daf\u00fcr arbeiten wir jeden Tag. Die Menschen in der Politik und die Menschen in der Wirtschaft sollen mehr Klima-Schutz machen. Daf\u00fcr machen wir Aktionen und Projekte. Manchmal gehen wir auch zu einem Gericht und beschweren uns. Das hei\u00dft: Wir reichen eine Klage ein. Im Jahr 2015 gab es eine gro\u00dfe Klima-Konferenz in Paris. Fast alle L\u00e4nder der Welt haben sich dort getroffen. Die L\u00e4nder haben zum Beispiel festgelegt:<\/p>\n<p>\u00b7 Die Erde darf nicht w\u00e4rmer als 1,5 Grad werden.<\/p>\n<p>\u00b7 Es soll weniger Abgase geben.<\/p>\n<p>\u00b7 Der Wald muss mehr gesch\u00fctzt werden.<\/p>\n<p>Wir wollen helfen, diese Ziele zu erreichen.<\/p>\n<p>Wir berichten von Unternehmen und Personen, die jetzt schon das Klima sch\u00fctzen. Diese Unternehmen und Personen sind ein Vorbild f\u00fcr andere.<\/p>\n<p>Sie zeigen: Klima-Schutz ist m\u00f6glich. Andere Unternehmen und Personen machen dann vielleicht auch mit.<\/p>\n<p>Wir machen noch mehr: Wir informieren die Menschen \u00fcber den Klima-Schutz.<\/p>\n<p>Wir wollen zeigen: Das kann jeder von uns machen. Wir helfen den Menschen. Und wir machen Mut. Denn jeder von uns kann etwas tun. F\u00fcr das Klima und f\u00fcr die Umwelt.<\/p>\n\t\t\t\t\t\t\t\t<\/div>\n\t\t\t\t<\/div>\n\t\t\t\t\t<\/div>\n\t\t\t\t<\/div>\n\t\t<div class=\"elementor-element elementor-element-0f11ebd e-flex e-con-boxed e-con e-parent\" data-id=\"0f11ebd\" data-element_type=\"container\" data-e-type=\"container\">\n\t\t\t\t\t<div class=\"e-con-inner\">\n\t\t\t\t<div class=\"elementor-element elementor-element-09472dd elementor-widget elementor-widget-image\" data-id=\"09472dd\" data-element_type=\"widget\" data-e-type=\"widget\" data-widget_type=\"image.default\">\n\t\t\t\t<div class=\"elementor-widget-container\">\n\t\t\t\t\t\t\t\t\t\t\t\t\t\t\t<img decoding=\"async\" width=\"1024\" height=\"683\" src=\"https:\/\/www.protect-the-planet.de\/wp-content\/uploads\/2024\/05\/2310_ProtectThePlanet_141-e1715683664145.jpg\" class=\"attachment-full size-full wp-image-26847\" alt=\"das Protect the Planet-Team &amp; Beirat.\" \/>\t\t\t\t\t\t\t\t\t\t\t\t\t\t\t<\/div>\n\t\t\t\t<\/div>\n\t\t\t\t\t<\/div>\n\t\t\t\t<\/div>\n\t\t<div class=\"elementor-element elementor-element-f55260f e-flex e-con-boxed e-con e-parent\" data-id=\"f55260f\" data-element_type=\"container\" data-e-type=\"container\">\n\t\t\t\t\t<div class=\"e-con-inner\">\n\t\t<div class=\"elementor-element elementor-element-53925d7 e-flex e-con-boxed e-con e-child\" data-id=\"53925d7\" data-element_type=\"container\" data-e-type=\"container\">\n\t\t\t\t\t<div class=\"e-con-inner\">\n\t\t\t\t\t<\/div>\n\t\t\t\t<\/div>\n\t\t\t\t\t<\/div>\n\t\t\t\t<\/div>\n\t\t\t\t<\/div>\n\t\t","protected":false},"excerpt":{"rendered":"<p>Let&#8217;s fight to protect our wonderful planet Protect the Planet ist Englisch und bedeutet: Lasst uns den Planeten sch\u00fctzen. We help prevent the climate catastrophe and make our planet just and liveable. Dorothea Sick-Thies hatte die Idee f\u00fcr die Organisation. Sie hat die Organisation im Jahr 2015 gegr\u00fcndet. Wir machen uns stark f\u00fcr den Klima-Schutz. [&hellip;]<\/p>\n","protected":false},"author":2,"featured_media":23318,"parent":0,"menu_order":0,"comment_status":"closed","ping_status":"closed","template":"","meta":{"footnotes":""},"class_list":["post-29247","page","type-page","status-publish","has-post-thumbnail","hentry"],"yoast_head":"<!-- This site is optimized with the Yoast SEO plugin v27.6 - https:\/\/yoast.com\/product\/yoast-seo-wordpress\/ -->\n<title>Home - Protect the Planet<\/title>\n<meta name=\"robots\" content=\"index, follow, max-snippet:-1, max-image-preview:large, max-video-preview:-1\" \/>\n<link rel=\"canonical\" href=\"https:\/\/www.protect-the-planet.de\/en\/home-2\/\" \/>\n<meta property=\"og:locale\" content=\"en_US\" \/>\n<meta property=\"og:type\" content=\"article\" \/>\n<meta property=\"og:title\" content=\"Home - Protect the Planet\" \/>\n<meta property=\"og:description\" content=\"Let&#8217;s fight to protect our wonderful planet Protect the Planet ist Englisch und bedeutet: Lasst uns den Planeten sch\u00fctzen. We help prevent the climate catastrophe and make our planet just and liveable. Dorothea Sick-Thies hatte die Idee f\u00fcr die Organisation. Sie hat die Organisation im Jahr 2015 gegr\u00fcndet. Wir machen uns stark f\u00fcr den Klima-Schutz. [&hellip;]\" \/>\n<meta property=\"og:url\" content=\"https:\/\/www.protect-the-planet.de\/en\/home-2\/\" \/>\n<meta property=\"og:site_name\" content=\"Protect the Planet\" \/>\n<meta property=\"article:publisher\" content=\"https:\/\/www.facebook.com\/protecttheplanetDE\/\" \/>\n<meta property=\"article:modified_time\" content=\"2025-02-19T16:02:14+00:00\" \/>\n<meta property=\"og:image\" content=\"https:\/\/www.protect-the-planet.de\/wp-content\/uploads\/2023\/11\/startseite-2.jpg\" \/>\n\t<meta property=\"og:image:width\" content=\"1024\" \/>\n\t<meta property=\"og:image:height\" content=\"444\" \/>\n\t<meta property=\"og:image:type\" content=\"image\/jpeg\" \/>\n<meta name=\"twitter:card\" content=\"summary_large_image\" \/>\n<meta name=\"twitter:site\" content=\"@PtP_de\" \/>\n<meta name=\"twitter:label1\" content=\"Est. reading time\" \/>\n\t<meta name=\"twitter:data1\" content=\"8 minutes\" \/>\n<script type=\"application\/ld+json\" class=\"yoast-schema-graph\">{\"@context\":\"https:\\\/\\\/schema.org\",\"@graph\":[{\"@type\":\"WebPage\",\"@id\":\"https:\\\/\\\/www.protect-the-planet.de\\\/en\\\/home-2\\\/\",\"url\":\"https:\\\/\\\/www.protect-the-planet.de\\\/en\\\/home-2\\\/\",\"name\":\"Home - Protect the Planet\",\"isPartOf\":{\"@id\":\"https:\\\/\\\/www.protect-the-planet.de\\\/en\\\/#website\"},\"primaryImageOfPage\":{\"@id\":\"https:\\\/\\\/www.protect-the-planet.de\\\/en\\\/home-2\\\/#primaryimage\"},\"image\":{\"@id\":\"https:\\\/\\\/www.protect-the-planet.de\\\/en\\\/home-2\\\/#primaryimage\"},\"thumbnailUrl\":\"https:\\\/\\\/www.protect-the-planet.de\\\/wp-content\\\/uploads\\\/2023\\\/11\\\/startseite-2.jpg\",\"datePublished\":\"2025-02-19T09:16:42+00:00\",\"dateModified\":\"2025-02-19T16:02:14+00:00\",\"breadcrumb\":{\"@id\":\"https:\\\/\\\/www.protect-the-planet.de\\\/en\\\/home-2\\\/#breadcrumb\"},\"inLanguage\":\"en-US\",\"potentialAction\":[{\"@type\":\"ReadAction\",\"target\":[\"https:\\\/\\\/www.protect-the-planet.de\\\/en\\\/home-2\\\/\"]}]},{\"@type\":\"ImageObject\",\"inLanguage\":\"en-US\",\"@id\":\"https:\\\/\\\/www.protect-the-planet.de\\\/en\\\/home-2\\\/#primaryimage\",\"url\":\"https:\\\/\\\/www.protect-the-planet.de\\\/wp-content\\\/uploads\\\/2023\\\/11\\\/startseite-2.jpg\",\"contentUrl\":\"https:\\\/\\\/www.protect-the-planet.de\\\/wp-content\\\/uploads\\\/2023\\\/11\\\/startseite-2.jpg\",\"width\":1024,\"height\":444,\"caption\":\"startseite (2) wale_jpeg\"},{\"@type\":\"BreadcrumbList\",\"@id\":\"https:\\\/\\\/www.protect-the-planet.de\\\/en\\\/home-2\\\/#breadcrumb\",\"itemListElement\":[{\"@type\":\"ListItem\",\"position\":1,\"name\":\"Startseite\",\"item\":\"https:\\\/\\\/www.protect-the-planet.de\\\/en\\\/home\\\/\"},{\"@type\":\"ListItem\",\"position\":2,\"name\":\"Home\"}]},{\"@type\":\"WebSite\",\"@id\":\"https:\\\/\\\/www.protect-the-planet.de\\\/en\\\/#website\",\"url\":\"https:\\\/\\\/www.protect-the-planet.de\\\/en\\\/\",\"name\":\"Protect the Planet\",\"description\":\"If we don&#039;t change, the climate will.\",\"publisher\":{\"@id\":\"https:\\\/\\\/www.protect-the-planet.de\\\/en\\\/#organization\"},\"alternateName\":\"Protect the Panet gGmbH\",\"potentialAction\":[{\"@type\":\"SearchAction\",\"target\":{\"@type\":\"EntryPoint\",\"urlTemplate\":\"https:\\\/\\\/www.protect-the-planet.de\\\/en\\\/?s={search_term_string}\"},\"query-input\":{\"@type\":\"PropertyValueSpecification\",\"valueRequired\":true,\"valueName\":\"search_term_string\"}}],\"inLanguage\":\"en-US\"},{\"@type\":\"Organization\",\"@id\":\"https:\\\/\\\/www.protect-the-planet.de\\\/en\\\/#organization\",\"name\":\"Protect the Planet\",\"url\":\"https:\\\/\\\/www.protect-the-planet.de\\\/en\\\/\",\"logo\":{\"@type\":\"ImageObject\",\"inLanguage\":\"en-US\",\"@id\":\"https:\\\/\\\/www.protect-the-planet.de\\\/en\\\/#\\\/schema\\\/logo\\\/image\\\/\",\"url\":\"https:\\\/\\\/www.protect-the-planet.de\\\/wp-content\\\/uploads\\\/2023\\\/09\\\/LOGO-positiv_transparent-klein.png\",\"contentUrl\":\"https:\\\/\\\/www.protect-the-planet.de\\\/wp-content\\\/uploads\\\/2023\\\/09\\\/LOGO-positiv_transparent-klein.png\",\"width\":123,\"height\":68,\"caption\":\"Protect the Planet\"},\"image\":{\"@id\":\"https:\\\/\\\/www.protect-the-planet.de\\\/en\\\/#\\\/schema\\\/logo\\\/image\\\/\"},\"sameAs\":[\"https:\\\/\\\/www.facebook.com\\\/protecttheplanetDE\\\/\",\"https:\\\/\\\/x.com\\\/PtP_de\",\"https:\\\/\\\/www.instagram.com\\\/protecttheplanetorg\\\/\",\"https:\\\/\\\/www.linkedin.com\\\/company\\\/protect-the-planet\",\"https:\\\/\\\/www.youtube.com\\\/@protecttheplanet\"]}]}<\/script>\n<!-- \/ Yoast SEO plugin. -->","yoast_head_json":{"title":"Home - Protect the Planet","robots":{"index":"index","follow":"follow","max-snippet":"max-snippet:-1","max-image-preview":"max-image-preview:large","max-video-preview":"max-video-preview:-1"},"canonical":"https:\/\/www.protect-the-planet.de\/en\/home-2\/","og_locale":"en_US","og_type":"article","og_title":"Home - Protect the Planet","og_description":"Let&#8217;s fight to protect our wonderful planet Protect the Planet ist Englisch und bedeutet: Lasst uns den Planeten sch\u00fctzen. We help prevent the climate catastrophe and make our planet just and liveable. Dorothea Sick-Thies hatte die Idee f\u00fcr die Organisation. Sie hat die Organisation im Jahr 2015 gegr\u00fcndet. Wir machen uns stark f\u00fcr den Klima-Schutz. [&hellip;]","og_url":"https:\/\/www.protect-the-planet.de\/en\/home-2\/","og_site_name":"Protect the Planet","article_publisher":"https:\/\/www.facebook.com\/protecttheplanetDE\/","article_modified_time":"2025-02-19T16:02:14+00:00","og_image":[{"width":1024,"height":444,"url":"https:\/\/www.protect-the-planet.de\/wp-content\/uploads\/2023\/11\/startseite-2.jpg","type":"image\/jpeg"}],"twitter_card":"summary_large_image","twitter_site":"@PtP_de","twitter_misc":{"Est. reading time":"8 minutes"},"schema":{"@context":"https:\/\/schema.org","@graph":[{"@type":"WebPage","@id":"https:\/\/www.protect-the-planet.de\/en\/home-2\/","url":"https:\/\/www.protect-the-planet.de\/en\/home-2\/","name":"Home - Protect the Planet","isPartOf":{"@id":"https:\/\/www.protect-the-planet.de\/en\/#website"},"primaryImageOfPage":{"@id":"https:\/\/www.protect-the-planet.de\/en\/home-2\/#primaryimage"},"image":{"@id":"https:\/\/www.protect-the-planet.de\/en\/home-2\/#primaryimage"},"thumbnailUrl":"https:\/\/www.protect-the-planet.de\/wp-content\/uploads\/2023\/11\/startseite-2.jpg","datePublished":"2025-02-19T09:16:42+00:00","dateModified":"2025-02-19T16:02:14+00:00","breadcrumb":{"@id":"https:\/\/www.protect-the-planet.de\/en\/home-2\/#breadcrumb"},"inLanguage":"en-US","potentialAction":[{"@type":"ReadAction","target":["https:\/\/www.protect-the-planet.de\/en\/home-2\/"]}]},{"@type":"ImageObject","inLanguage":"en-US","@id":"https:\/\/www.protect-the-planet.de\/en\/home-2\/#primaryimage","url":"https:\/\/www.protect-the-planet.de\/wp-content\/uploads\/2023\/11\/startseite-2.jpg","contentUrl":"https:\/\/www.protect-the-planet.de\/wp-content\/uploads\/2023\/11\/startseite-2.jpg","width":1024,"height":444,"caption":"startseite (2) wale_jpeg"},{"@type":"BreadcrumbList","@id":"https:\/\/www.protect-the-planet.de\/en\/home-2\/#breadcrumb","itemListElement":[{"@type":"ListItem","position":1,"name":"Startseite","item":"https:\/\/www.protect-the-planet.de\/en\/home\/"},{"@type":"ListItem","position":2,"name":"Home"}]},{"@type":"WebSite","@id":"https:\/\/www.protect-the-planet.de\/en\/#website","url":"https:\/\/www.protect-the-planet.de\/en\/","name":"Protect the Planet","description":"If we don&#039;t change, the climate will.","publisher":{"@id":"https:\/\/www.protect-the-planet.de\/en\/#organization"},"alternateName":"Protect the Panet gGmbH","potentialAction":[{"@type":"SearchAction","target":{"@type":"EntryPoint","urlTemplate":"https:\/\/www.protect-the-planet.de\/en\/?s={search_term_string}"},"query-input":{"@type":"PropertyValueSpecification","valueRequired":true,"valueName":"search_term_string"}}],"inLanguage":"en-US"},{"@type":"Organization","@id":"https:\/\/www.protect-the-planet.de\/en\/#organization","name":"Protect the Planet","url":"https:\/\/www.protect-the-planet.de\/en\/","logo":{"@type":"ImageObject","inLanguage":"en-US","@id":"https:\/\/www.protect-the-planet.de\/en\/#\/schema\/logo\/image\/","url":"https:\/\/www.protect-the-planet.de\/wp-content\/uploads\/2023\/09\/LOGO-positiv_transparent-klein.png","contentUrl":"https:\/\/www.protect-the-planet.de\/wp-content\/uploads\/2023\/09\/LOGO-positiv_transparent-klein.png","width":123,"height":68,"caption":"Protect the Planet"},"image":{"@id":"https:\/\/www.protect-the-planet.de\/en\/#\/schema\/logo\/image\/"},"sameAs":["https:\/\/www.facebook.com\/protecttheplanetDE\/","https:\/\/x.com\/PtP_de","https:\/\/www.instagram.com\/protecttheplanetorg\/","https:\/\/www.linkedin.com\/company\/protect-the-planet","https:\/\/www.youtube.com\/@protecttheplanet"]}]}},"_links":{"self":[{"href":"https:\/\/www.protect-the-planet.de\/en\/wp-json\/wp\/v2\/pages\/29247","targetHints":{"allow":["GET"]}}],"collection":[{"href":"https:\/\/www.protect-the-planet.de\/en\/wp-json\/wp\/v2\/pages"}],"about":[{"href":"https:\/\/www.protect-the-planet.de\/en\/wp-json\/wp\/v2\/types\/page"}],"author":[{"embeddable":true,"href":"https:\/\/www.protect-the-planet.de\/en\/wp-json\/wp\/v2\/users\/2"}],"replies":[{"embeddable":true,"href":"https:\/\/www.protect-the-planet.de\/en\/wp-json\/wp\/v2\/comments?post=29247"}],"version-history":[{"count":0,"href":"https:\/\/www.protect-the-planet.de\/en\/wp-json\/wp\/v2\/pages\/29247\/revisions"}],"wp:featuredmedia":[{"embeddable":true,"href":"https:\/\/www.protect-the-planet.de\/en\/wp-json\/wp\/v2\/media\/23318"}],"wp:attachment":[{"href":"https:\/\/www.protect-the-planet.de\/en\/wp-json\/wp\/v2\/media?parent=29247"}],"curies":[{"name":"wp","href":"https:\/\/api.w.org\/{rel}","templated":true}]}}